{"id":189,"date":"2017-07-19T08:57:24","date_gmt":"2017-07-19T12:57:24","guid":{"rendered":"https:\/\/www.policianacional.gov.py\/transparenciayanticorrupcion\/?page_id=189"},"modified":"2018-04-03T10:10:27","modified_gmt":"2018-04-03T14:10:27","slug":"vision","status":"publish","type":"page","link":"https:\/\/www.policianacional.gov.py\/transparenciayanticorrupcion\/vision\/","title":{"rendered":"VISI\u00d3N"},"content":{"rendered":"<p><img loading=\"lazy\" decoding=\"async\" class=\"alignnone wp-image-190\" src=\"https:\/\/www.policianacional.gov.py\/transparenciayanticorrupcion\/wp-content\/uploads\/sites\/13\/2017\/07\/VISION.jpg\" alt=\"\" width=\"142\" height=\"142\" srcset=\"https:\/\/www.policianacional.gov.py\/transparenciayanticorrupcion\/wp-content\/uploads\/sites\/13\/2017\/07\/VISION.jpg 225w, https:\/\/www.policianacional.gov.py\/transparenciayanticorrupcion\/wp-content\/uploads\/sites\/13\/2017\/07\/VISION-150x150.jpg 150w\" sizes=\"auto, (max-width: 142px) 100vw, 142px\" \/>Ser reconocida como una Dependencia Policial comprometida con la calidad y excelencia a trav\u00e9s de la implementaci\u00f3n efectiva del proceso de TRANSPARENCIA y as\u00ed tener ACCESO A LA INFORMACI\u00d3N P\u00daBLICA y de ese modo contribuir a impulsar el desarrollo Institucional .<\/p>\n","protected":false},"excerpt":{"rendered":"<p>Ser reconocida como una Dependencia Policial comprometida con la calidad y excelencia a trav\u00e9s de la implementaci\u00f3n efectiva del proceso de TRANSPARENCIA y as\u00ed tener ACCESO A LA INFORMACI\u00d3N P\u00daBLICA y de ese modo contribuir a impulsar el desarrollo Institucional &#8230; <a title=\"VISI\u00d3N\" class=\"read-more\" href=\"https:\/\/www.policianacional.gov.py\/transparenciayanticorrupcion\/vision\/\" aria-label=\"Leer m\u00e1s sobre VISI\u00d3N\">Leer M\u00e1s&#8230;<\/a><\/p>\n","protected":false},"author":1,"featured_media":0,"parent":0,"menu_order":0,"comment_status":"closed","ping_status":"closed","template":"","meta":{"generate_page_header":"","footnotes":""},"class_list":["post-189","page","type-page","status-publish"],"jetpack_sharing_enabled":true,"jetpack_shortlink":"https:\/\/wp.me\/P8Lk9H-33","_links":{"self":[{"href":"https:\/\/www.policianacional.gov.py\/transparenciayanticorrupcion\/wp-json\/wp\/v2\/pages\/189","targetHints":{"allow":["GET"]}}],"collection":[{"href":"https:\/\/www.policianacional.gov.py\/transparenciayanticorrupcion\/wp-json\/wp\/v2\/pages"}],"about":[{"href":"https:\/\/www.policianacional.gov.py\/transparenciayanticorrupcion\/wp-json\/wp\/v2\/types\/page"}],"author":[{"embeddable":true,"href":"https:\/\/www.policianacional.gov.py\/transparenciayanticorrupcion\/wp-json\/wp\/v2\/users\/1"}],"replies":[{"embeddable":true,"href":"https:\/\/www.policianacional.gov.py\/transparenciayanticorrupcion\/wp-json\/wp\/v2\/comments?post=189"}],"version-history":[{"count":2,"href":"https:\/\/www.policianacional.gov.py\/transparenciayanticorrupcion\/wp-json\/wp\/v2\/pages\/189\/revisions"}],"predecessor-version":[{"id":354,"href":"https:\/\/www.policianacional.gov.py\/transparenciayanticorrupcion\/wp-json\/wp\/v2\/pages\/189\/revisions\/354"}],"wp:attachment":[{"href":"https:\/\/www.policianacional.gov.py\/transparenciayanticorrupcion\/wp-json\/wp\/v2\/media?parent=189"}],"curies":[{"name":"wp","href":"https:\/\/api.w.org\/{rel}","templated":true}]}}