{"id":186,"date":"2017-07-19T08:53:31","date_gmt":"2017-07-19T12:53:31","guid":{"rendered":"https:\/\/www.policianacional.gov.py\/transparenciayanticorrupcion\/?page_id=186"},"modified":"2017-07-19T10:41:01","modified_gmt":"2017-07-19T14:41:01","slug":"mision","status":"publish","type":"page","link":"https:\/\/www.policianacional.gov.py\/transparenciayanticorrupcion\/mision\/","title":{"rendered":"MISION"},"content":{"rendered":"<p><img loading=\"lazy\" decoding=\"async\" class=\"alignnone size-medium wp-image-187\" src=\"https:\/\/www.policianacional.gov.py\/transparenciayanticorrupcion\/wp-content\/uploads\/sites\/13\/2017\/07\/MISION-300x171.jpg\" alt=\"\" width=\"300\" height=\"171\" srcset=\"https:\/\/www.policianacional.gov.py\/transparenciayanticorrupcion\/wp-content\/uploads\/sites\/13\/2017\/07\/MISION-300x171.jpg 300w, https:\/\/www.policianacional.gov.py\/transparenciayanticorrupcion\/wp-content\/uploads\/sites\/13\/2017\/07\/MISION.jpg 500w\" sizes=\"auto, (max-width: 300px) 100vw, 300px\" \/>Definir y desarrollar planes y proyectos ajustados a las reales necesidades de la Instituci\u00f3n, relacionado con la <i>TRANSPARENCIA Y ANTICORRUPCI\u00d3N<\/i> de las gestiones realizadas por el personal policial y as\u00ed liderar la aplicaci\u00f3n de pol\u00edticas transparentes en la gesti\u00f3n, luchando contra la corrupci\u00f3n a fin de buscar mecanismos estrat\u00e9gicos que garanticen el buen desempe\u00f1o policial.<\/p>\n","protected":false},"excerpt":{"rendered":"<p>Definir y desarrollar planes y proyectos ajustados a las reales necesidades de la Instituci\u00f3n, relacionado con la TRANSPARENCIA Y ANTICORRUPCI\u00d3N de las gestiones realizadas por el personal policial y as\u00ed liderar la aplicaci\u00f3n de pol\u00edticas transparentes en la gesti\u00f3n, luchando &#8230; <a title=\"MISION\" class=\"read-more\" href=\"https:\/\/www.policianacional.gov.py\/transparenciayanticorrupcion\/mision\/\" aria-label=\"Leer m\u00e1s sobre MISION\">Leer M\u00e1s&#8230;<\/a><\/p>\n","protected":false},"author":1,"featured_media":0,"parent":0,"menu_order":0,"comment_status":"closed","ping_status":"closed","template":"","meta":{"generate_page_header":"","footnotes":""},"class_list":["post-186","page","type-page","status-publish"],"jetpack_sharing_enabled":true,"jetpack_shortlink":"https:\/\/wp.me\/P8Lk9H-30","_links":{"self":[{"href":"https:\/\/www.policianacional.gov.py\/transparenciayanticorrupcion\/wp-json\/wp\/v2\/pages\/186","targetHints":{"allow":["GET"]}}],"collection":[{"href":"https:\/\/www.policianacional.gov.py\/transparenciayanticorrupcion\/wp-json\/wp\/v2\/pages"}],"about":[{"href":"https:\/\/www.policianacional.gov.py\/transparenciayanticorrupcion\/wp-json\/wp\/v2\/types\/page"}],"author":[{"embeddable":true,"href":"https:\/\/www.policianacional.gov.py\/transparenciayanticorrupcion\/wp-json\/wp\/v2\/users\/1"}],"replies":[{"embeddable":true,"href":"https:\/\/www.policianacional.gov.py\/transparenciayanticorrupcion\/wp-json\/wp\/v2\/comments?post=186"}],"version-history":[{"count":1,"href":"https:\/\/www.policianacional.gov.py\/transparenciayanticorrupcion\/wp-json\/wp\/v2\/pages\/186\/revisions"}],"predecessor-version":[{"id":188,"href":"https:\/\/www.policianacional.gov.py\/transparenciayanticorrupcion\/wp-json\/wp\/v2\/pages\/186\/revisions\/188"}],"wp:attachment":[{"href":"https:\/\/www.policianacional.gov.py\/transparenciayanticorrupcion\/wp-json\/wp\/v2\/media?parent=186"}],"curies":[{"name":"wp","href":"https:\/\/api.w.org\/{rel}","templated":true}]}}