{"id":514,"date":"2017-06-23T12:26:45","date_gmt":"2017-06-23T16:26:45","guid":{"rendered":"https:\/\/www.policianacional.gov.py\/identificaciones\/?page_id=514"},"modified":"2022-04-12T09:47:44","modified_gmt":"2022-04-12T13:47:44","slug":"renovacion-de-la-cedula-de-identidad-a-paraguayosas-por-vencimiento-extravio-hurto-o-robo","status":"publish","type":"page","link":"https:\/\/www.policianacional.gov.py\/identificaciones\/renovacion-de-la-cedula-de-identidad-a-paraguayosas-por-vencimiento-extravio-hurto-o-robo\/","title":{"rendered":"RENOVACI\u00d3N DE LA C\u00c9DULA DE IDENTIDAD A PARAGUAYOS\/AS POR VENCIMIENTO, EXTRAVIO, HURTO O ROBO"},"content":{"rendered":"<div id=\"cmsmasters_heading_592ed6cca0721\" class=\"cmsmasters_heading_wrap cmsmasters_heading_align_left\">\n<h2 class=\"cmsmasters_heading\">Requisitos<\/h2>\n<p><strong>1- Renovaci\u00f3n para actualizaci\u00f3n de foto y firma:<\/strong><\/p>\n<p>a) Presentar la C\u00e9dula de Identidad vigente<\/p>\n<\/div>\n<div class=\"cmsmasters_text\">\n<p><strong>2- Renovaci\u00f3n por vencimiento:<\/strong><\/p>\n<p><strong>a)<\/strong> Presentar la C\u00e9dula de Identidad Civil vencida.<\/p>\n<p><strong>3- Renovaci\u00f3n por Extrav\u00edo y\/o Robo o Hurto:<\/strong><\/p>\n<p><strong>a)<\/strong> Denuncia policial original formulada ante la Comisar\u00eda Jurisdiccional o ante autoridades policiales en el pa\u00eds de su residencia.<\/p>\n<p><strong>4- Renovaci\u00f3n en caso que se solicite la modificaci\u00f3n de datos (nombre, apellido, fecha de nacimiento, etc)<\/strong>, deber\u00e1 presentar:<\/p>\n<p><strong>a)<\/strong> Certificado de Nacimiento original expedido por la Direcci\u00f3n Gral. del Registro de Estado Civil, donde conste la nota marginal de la S.D. o Resoluci\u00f3n administrativa mediante la cual se dispuso la modificaci\u00f3n;<\/p>\n<p><strong>b)<\/strong> Copia del Libro de acta de inscripci\u00f3n autenticado por el Oficial de la Direcci\u00f3n Gral. del Registro del Estado Civil de las personas con la nota marginal;<\/p>\n<p><strong>c)<\/strong> Copia autenticada por el actuario judicial de la S.D. por la cual se ordenan los cambios respectivos;<\/p>\n<p><strong>d)<\/strong> Copia autenticada por el Secretario Gral. del Registro Civil en caso de resoluciones administrativas.-<\/p>\n<p>&nbsp;<\/p>\n<p><strong>OBSERVACIONES:<\/strong><\/p>\n<ul>\n<li>En los casos de menores de edad para la solicitud, deber\u00e1n estar acompa\u00f1ados del o los padres.<\/li>\n<li>En caso de ausencia de los padres debidamente justificada y acreditada, deber\u00e1 estar acompa\u00f1ado por familiar hasta el cuarto grado de consanguinidad y presentar copia autenticada del documento judicial sobre tenencia y del guardador, acompa\u00f1ado de una nota de pedido dirigida al Jefe de Departamento.<\/li>\n<\/ul>\n<p>&nbsp;<\/p>\n<p>&nbsp;<\/p>\n<hr \/>\n<div class=\"tt\"><strong>Tarifa: <\/strong><br \/>\nGs. 8.500<\/div>\n<div class=\"tt\"><strong>Tiempo de Entrega: <\/strong><br \/>\n20 d\u00edas h\u00e1biles, para solicitudes en la Sede Central.-<\/div>\n<\/div>\n","protected":false},"excerpt":{"rendered":"<p>Requisitos 1- Renovaci\u00f3n para actualizaci\u00f3n de foto y firma: a) Presentar la C\u00e9dula de Identidad vigente 2- Renovaci\u00f3n por vencimiento: a) Presentar la C\u00e9dula de Identidad Civil vencida. 3- Renovaci\u00f3n por Extrav\u00edo y\/o Robo o Hurto: a) Denuncia policial original &#8230; <a title=\"RENOVACI\u00d3N DE LA C\u00c9DULA DE IDENTIDAD A PARAGUAYOS\/AS POR VENCIMIENTO, EXTRAVIO, HURTO O ROBO\" class=\"read-more\" href=\"https:\/\/www.policianacional.gov.py\/identificaciones\/renovacion-de-la-cedula-de-identidad-a-paraguayosas-por-vencimiento-extravio-hurto-o-robo\/\" aria-label=\"Leer m\u00e1s sobre RENOVACI\u00d3N DE LA C\u00c9DULA DE IDENTIDAD A PARAGUAYOS\/AS POR VENCIMIENTO, EXTRAVIO, HURTO O ROBO\">Leer M\u00e1s&#8230;<\/a><\/p>\n","protected":false},"author":5,"featured_media":0,"parent":0,"menu_order":0,"comment_status":"closed","ping_status":"closed","template":"","meta":{"footnotes":""},"class_list":["post-514","page","type-page","status-publish"],"jetpack_sharing_enabled":true,"jetpack_shortlink":"https:\/\/wp.me\/PfafgB-8i","_links":{"self":[{"href":"https:\/\/www.policianacional.gov.py\/identificaciones\/wp-json\/wp\/v2\/pages\/514","targetHints":{"allow":["GET"]}}],"collection":[{"href":"https:\/\/www.policianacional.gov.py\/identificaciones\/wp-json\/wp\/v2\/pages"}],"about":[{"href":"https:\/\/www.policianacional.gov.py\/identificaciones\/wp-json\/wp\/v2\/types\/page"}],"author":[{"embeddable":true,"href":"https:\/\/www.policianacional.gov.py\/identificaciones\/wp-json\/wp\/v2\/users\/5"}],"replies":[{"embeddable":true,"href":"https:\/\/www.policianacional.gov.py\/identificaciones\/wp-json\/wp\/v2\/comments?post=514"}],"version-history":[{"count":11,"href":"https:\/\/www.policianacional.gov.py\/identificaciones\/wp-json\/wp\/v2\/pages\/514\/revisions"}],"predecessor-version":[{"id":5769,"href":"https:\/\/www.policianacional.gov.py\/identificaciones\/wp-json\/wp\/v2\/pages\/514\/revisions\/5769"}],"wp:attachment":[{"href":"https:\/\/www.policianacional.gov.py\/identificaciones\/wp-json\/wp\/v2\/media?parent=514"}],"curies":[{"name":"wp","href":"https:\/\/api.w.org\/{rel}","templated":true}]}}