{"id":265,"date":"2017-05-31T11:13:09","date_gmt":"2017-05-31T15:13:09","guid":{"rendered":"https:\/\/www.policianacional.gov.py\/identificaciones\/?page_id=265"},"modified":"2022-10-19T14:14:47","modified_gmt":"2022-10-19T17:14:47","slug":"pasaporte-policial","status":"publish","type":"page","link":"https:\/\/www.policianacional.gov.py\/identificaciones\/pasaporte-policial\/","title":{"rendered":"Pasaporte Policial"},"content":{"rendered":"<div id=\"cmsmasters_row_592edeaf154f6\" class=\"cmsmasters_row cmsmasters_color_scheme_default cmsmasters_row_top_default cmsmasters_row_bot_default cmsmasters_row_boxed\">\n<div class=\"cmsmasters_row_outer_parent\">\n<div class=\"cmsmasters_row_outer\">\n<div class=\"cmsmasters_row_inner\">\n<div class=\"cmsmasters_row_margin cmsmasters_11\">\n<div class=\"cmsmasters_column one_first\">\n<div class=\"cmsmasters_text\">\n<div class=\"title-service\">\n<p style=\"text-align: justify\">El Pasaporte Paraguayo es un documento de viaje que acredita la identidad del titular y lo habilita a viajar al exterior, seg\u00fan normas establecidas en convenios internacionales. El Departamento de Identificaciones de la Polic\u00eda Nacional es la encargada de la emisi\u00f3n de dicho documento, a trav\u00e9s de sus oficinas en todo el pa\u00eds.<\/p>\n<p style=\"text-align: justify\">Este documento de viaje cumple con las directivas acordadas\u00a0 por el Mercosur en cuanto a las caracter\u00edsticas comunes que deben tener los pasaportes de los Estados Parte (Resol. GMC 40\/98); se basa adem\u00e1s en las recomendaciones dictadas por OACI\/ICAO (Organizaci\u00f3n de Aviaci\u00f3n Civil Internacional.<\/p>\n<p style=\"text-align: justify\"><strong>Su vigencia es de 5 a\u00f1os.<\/strong><\/p>\n<\/div>\n<\/div>\n<\/div>\n<\/div>\n<\/div>\n<\/div>\n<\/div>\n<\/div>\n<div id=\"cmsmasters_row_592edeaf15b69\" class=\"cmsmasters_row cmsmasters_color_scheme_default cmsmasters_row_top_default cmsmasters_row_bot_default cmsmasters_row_boxed\" style=\"text-align: justify\"><\/div>\n<div id=\"cmsmasters_row_592edeaf16112\" class=\"cmsmasters_row cmsmasters_color_scheme_default cmsmasters_row_top_default cmsmasters_row_bot_default cmsmasters_row_boxed\">\n<div class=\"cmsmasters_row_outer_parent\">\n<div class=\"cmsmasters_row_outer\">\n<div class=\"cmsmasters_row_inner\">\n<div class=\"cmsmasters_row_margin cmsmasters_1212\">\n<div class=\"cmsmasters_column one_half\" style=\"text-align: justify\">\n<div id=\"cmsmasters_heading_592edeaf16581\" class=\"cmsmasters_heading_wrap cmsmasters_heading_align_left\">\n<h2 class=\"cmsmasters_heading\">REQUISITOS PARA LA OBTENCI\u00d3N DEL PASAPORTE &#8211; PERSONAS MAYORES DE EDAD<\/h2>\n<\/div>\n<div class=\"cmsmasters_text\">\n<ul>\n<li><i class=\"fa fa-angle-right\"><\/i>C\u00e9dula de Identidad original vigente.<\/li>\n<li>Presentar el Certificado de Cumplimiento Tributario (C.C.T.), Constancia de No ser Contribuyente expedido por la SET o Certificado de cumplimiento tributario (descargar de la p\u00e1gina web de la SET-Marangatu), conforme a lo establecido en la Resoluci\u00f3n General N\u00ba 44\/14, art. 2 inc. (d de la SET.<\/li>\n<\/ul>\n<\/div>\n<\/div>\n<div class=\"cmsmasters_column one_half\">\n<div id=\"cmsmasters_heading_592edeaf16b1c\" class=\"cmsmasters_heading_wrap cmsmasters_heading_align_left\" style=\"text-align: justify\">\n<h2 class=\"cmsmasters_heading\">REQUISITOS PARA LA OBTENCI\u00d3N DEL PASAPORTE &#8211; MENORES DE EDAD<\/h2>\n<\/div>\n<div class=\"cmsmasters_text\">\n<ul>\n<li style=\"list-style-type: none\">\n<ul>\n<li style=\"text-align: justify\"><i class=\"fa fa-angle-right\"><\/i>Copia de la C\u00e9dula de Identidad vigente del menor y de los padres.<\/li>\n<li style=\"text-align: justify\"><i class=\"fa fa-angle-right\"><\/i>Autorizaci\u00f3n para viajar expedida por el Juzgado de Paz o por el Juzgado de la Ni\u00f1ez y la Adolescencia correspondiente, de conformidad a lo establecido en los incisos \u201ca\u201d y \u201cb\u201d del art\u00edculo 100 y 101 del C\u00f3digo de la Ni\u00f1ez y la Adolescencia, la Acordada N\u00b0 1048\/2016 y 1049\/2016 de la Excelent\u00edsima Corte Suprema de Justicia, y el Decreto del Poder Ejecutivo N\u00b0 10599\/91. (En los casos que el ni\u00f1o\/a se encuentre acompa\u00f1ado de uno de los padres y\/o de su tutor).<\/li>\n<li style=\"text-align: justify\"><i class=\"fa fa-angle-right\"><\/i> En Caso que el ni\u00f1o\/a estee acompa\u00f1ado por ambos padres al momento de la solicitud, estos podr\u00e1n firmar un libro de actas en la Divisi\u00f3n Pasaporte, donde dejar\u00e1n constancia de la autorizaci\u00f3n que los mismos otorgan al ni\u00f1o para la solicitud del Pasaporte. Para ello, deber\u00e1n presentar la copia de la C\u00e9dula de Identidad de los padres y del ni\u00f1o en una hoja, para la autorizaci\u00f3n respectiva.<i class=\"fa fa-angle-right\"><\/i><\/li>\n<li style=\"text-align: justify\">Adjuntar en todos los casos copia de la C\u00e9dula de Identidad vigente de los padres.<\/li>\n<\/ul>\n<\/li>\n<\/ul>\n<p><strong>Observaci\u00f3nes:<\/strong><\/p>\n<ul style=\"text-align: justify\">\n<li>En el caso que la persona, al momento de solicitar el Pasaporte tenga una libreta de Pasaporte vigente, deber\u00e1 presentar el documento para la anulaci\u00f3n de las hojas en blanco, el que ser\u00e1 devuelto al titular.<\/li>\n<li>En los casos de extrav\u00edos de Pasaportes vigentes al momento de la solicitud de una libreta nueva,\u00a0 el titular deber\u00e1 presentar la transcripci\u00f3n de la denuncia de extrav\u00edo para iniciar el tr\u00e1mite de solicitud.<\/li>\n<li>En los casos que los padres del menor no esten casados, se requerira una copia simple del Certificado de Nacimiento del mismo.<\/li>\n<\/ul>\n<hr \/>\n<div class=\"tt\" style=\"text-align: justify\"><strong>Tarifa de solicitud de Pasaporte:\u00a0 <\/strong>Gs. 240.000.-<\/div>\n<div class=\"tt\" style=\"text-align: justify\"><strong>Tiempo de Entrega: <\/strong>30 d\u00edas h\u00e1biles (solicitudes realizadas en sede central)<\/div>\n<\/div>\n<\/div>\n<\/div>\n<\/div>\n<\/div>\n<\/div>\n<\/div>\n","protected":false},"excerpt":{"rendered":"<p>El Pasaporte Paraguayo es un documento de viaje que acredita la identidad del titular y lo habilita a viajar al exterior, seg\u00fan normas establecidas en convenios internacionales. El Departamento de Identificaciones de la Polic\u00eda Nacional es la encargada de la &#8230; <a title=\"Pasaporte Policial\" class=\"read-more\" href=\"https:\/\/www.policianacional.gov.py\/identificaciones\/pasaporte-policial\/\" aria-label=\"Leer m\u00e1s sobre Pasaporte Policial\">Leer M\u00e1s&#8230;<\/a><\/p>\n","protected":false},"author":5,"featured_media":358,"parent":0,"menu_order":2,"comment_status":"closed","ping_status":"closed","template":"","meta":{"footnotes":""},"class_list":["post-265","page","type-page","status-publish","has-post-thumbnail"],"jetpack_sharing_enabled":true,"jetpack_shortlink":"https:\/\/wp.me\/PfafgB-4h","_links":{"self":[{"href":"https:\/\/www.policianacional.gov.py\/identificaciones\/wp-json\/wp\/v2\/pages\/265","targetHints":{"allow":["GET"]}}],"collection":[{"href":"https:\/\/www.policianacional.gov.py\/identificaciones\/wp-json\/wp\/v2\/pages"}],"about":[{"href":"https:\/\/www.policianacional.gov.py\/identificaciones\/wp-json\/wp\/v2\/types\/page"}],"author":[{"embeddable":true,"href":"https:\/\/www.policianacional.gov.py\/identificaciones\/wp-json\/wp\/v2\/users\/5"}],"replies":[{"embeddable":true,"href":"https:\/\/www.policianacional.gov.py\/identificaciones\/wp-json\/wp\/v2\/comments?post=265"}],"version-history":[{"count":25,"href":"https:\/\/www.policianacional.gov.py\/identificaciones\/wp-json\/wp\/v2\/pages\/265\/revisions"}],"predecessor-version":[{"id":6956,"href":"https:\/\/www.policianacional.gov.py\/identificaciones\/wp-json\/wp\/v2\/pages\/265\/revisions\/6956"}],"wp:featuredmedia":[{"embeddable":true,"href":"https:\/\/www.policianacional.gov.py\/identificaciones\/wp-json\/wp\/v2\/media\/358"}],"wp:attachment":[{"href":"https:\/\/www.policianacional.gov.py\/identificaciones\/wp-json\/wp\/v2\/media?parent=265"}],"curies":[{"name":"wp","href":"https:\/\/api.w.org\/{rel}","templated":true}]}}