{"id":247,"date":"2017-05-31T11:00:23","date_gmt":"2017-05-31T15:00:23","guid":{"rendered":"https:\/\/www.policianacional.gov.py\/identificaciones\/?page_id=247"},"modified":"2026-02-17T07:13:23","modified_gmt":"2026-02-17T10:13:23","slug":"certificado-de-antecedentes-policiales","status":"publish","type":"page","link":"https:\/\/www.policianacional.gov.py\/identificaciones\/certificado-de-antecedentes-policiales\/","title":{"rendered":"Certificado de Antecedentes"},"content":{"rendered":"<p style=\"text-align: justify;\"><strong>VISTO:<\/strong> La Ley 222\/93, \u201cOrg\u00e1nica de la Policia Nacional\u201d y;<\/p>\n<p style=\"text-align: justify;\"><strong>CONSIDERANDO:<\/strong> Que el articulo 6\u00b0 numeral 11 de la Ley 222\/93 \u201cOrg\u00e1nica de la Policia Nacional\u201d, establece como atribuciones de la Instituci\u00f3n, expedir la C\u00e9dula de Identidad Civil, Pasaporte y Certificado de Antecedente Policial.<\/p>\n<p style=\"text-align: justify;\"><strong>POR LO TANTO:<\/strong> en uso de sus atribuciones que le confiere el art\u00edculo 1563, numerales 1 y 5 de la Ley 222\/93, \u201cOrg\u00e1nica de la Policia Nacional\u201d<\/p>\n<h2 style=\"text-align: justify;\">RESUELVE LA EXPEDICI\u00d3N DE CERTIFICADO DE ANTECEDENTES POLICIALES<\/h2>\n<p style=\"text-align: justify;\"><strong>Para la expedici\u00f3n del Certificado de Antecendetes Policiales, el interesado\/a deber\u00e1 presentar:<\/strong><br \/>\nC\u00e9dula de Identidad vigente.<\/p>\n<h2 style=\"text-align: justify;\">CERTIFICADO DE ANTECEDENTES POLICIALES A PERSONAS PRIVADAS DE SU LIBERTAD<\/h2>\n<p style=\"text-align: justify;\">Autorizaci\u00f3n por escrito del titular a favor del representante legal.<\/p>\n<p style=\"text-align: justify;\">Fotocopia de C\u00e9dula de Identidad vigente del titular.<\/p>\n<p style=\"text-align: justify;\">Fotocopia de la matricula del abogado defensor.<\/p>\n<h2 style=\"text-align: justify;\">CERTIFICADO DE ANTECEDENTES A PERSONAS QUE SE ENCUENTREN CON ALGUNA INCAPACIDAD, ENFERMEDAD GRAVE O ESTEN FUERA DEL PA\u00cdS<\/h2>\n<p style=\"text-align: justify;\">Solicitud a trav\u00e9s del padre o la madre, hermanos\/as o hijos\/as mayores, esposo\/a o su representante legal debidamente comprobada.<\/p>\n<p style=\"text-align: justify;\">Fotocopia de la C\u00e9dula de Identidad vigente del solicitante<\/p>\n<h2 style=\"text-align: justify;\">ENTREGA DEL CERTIFICADO DE ANTECEDENTES POLICIALES<\/h2>\n<p style=\"text-align: justify;\">Para la entrega del Certificado de Antecedentes Policiales, se requiere el siguiente documento:<\/p>\n<p style=\"text-align: justify;\">Presentaci\u00f3n del comprobante de solicitud del Certificado de Antecedentes Policiales.<\/p>\n<p style=\"text-align: justify;\">En caso de extrav\u00edo del comprobante de solicitud de certificado de Antecedentes Policiales, el mismo ser\u00e1 entregado \u00fanicamente a su titular, previa presentaci\u00f3n de la denuncia policial de extrav\u00edo, hurto o robo.<\/p>\n<p style=\"text-align: justify;\">Para la entrega del certificado de antecedentes policiales, de personas que se encuentran con alguna incapacidad o enfermedad grave, conforme al comprobante respectivo de cada caso, podr\u00e1 ser entregado al padre, a la madre, esposo\/a, hermanos\/as mayores, hijos\/as mayores o representante legal debidamente acreditado y previa presentaci\u00f3n del comprobante de solicitud o transcripci\u00f3n de la denuncia policial de extrav\u00edo, hurto o robo.<\/p>\n<p style=\"text-align: justify;\">Para entregar certificado de antecedentes al ni\u00f1o\/a o adolescente, el mismo ser\u00e1 entregado al padre, a la madre, hermanos\/as mayores o representante legal debidamente acreditado, previa presentaci\u00f3n del comprobante de solicitud o transcripci\u00f3n de la denuncia policial de extrav\u00edo, hurto o robo.<\/p>\n<p style=\"text-align: justify;\"><strong>CERTIFICADOS DE ANTECEDENTE POLICIAL ONLINE<\/strong><\/p>\n<p style=\"text-align: justify;\">Podes acceder a solicitar el Certificado de Antecedente Policial desde el sitio web\u00a0<a href=\"https:\/\/www.paraguay.gov.py\/\">https:\/\/www.paraguay.gov.py<\/a><\/p>\n<p style=\"text-align: justify;\">En el enlace podes acceder al v\u00eddeo instructivo de como solicitar tu Certificado de Antecedentes v\u00eda online: <a href=\"https:\/\/youtu.be\/aQ7dAXmZ8KU\">https:\/\/youtu.be\/aQ7dAXmZ8KU<\/a><\/p>\n<hr \/>\n<p style=\"text-align: justify;\"><strong>Tarifa del Certificado de Antecedentes solicitado en las oficinas del Departamento de Identificaciones:\u00a0 <\/strong>Gs. 24.500.-<\/p>\n<p style=\"text-align: justify;\"><strong>Tiempo de Entrega: <\/strong>Al instante<\/p>\n","protected":false},"excerpt":{"rendered":"<p>VISTO: La Ley 222\/93, \u201cOrg\u00e1nica de la Policia Nacional\u201d y; CONSIDERANDO: Que el articulo 6\u00b0 numeral 11 de la Ley 222\/93 \u201cOrg\u00e1nica de la Policia Nacional\u201d, establece como atribuciones de la Instituci\u00f3n, expedir la C\u00e9dula de Identidad Civil, Pasaporte y &#8230; <a title=\"Certificado de Antecedentes\" class=\"read-more\" href=\"https:\/\/www.policianacional.gov.py\/identificaciones\/certificado-de-antecedentes-policiales\/\" aria-label=\"Leer m\u00e1s sobre Certificado de Antecedentes\">Leer M\u00e1s&#8230;<\/a><\/p>\n","protected":false},"author":5,"featured_media":11875,"parent":0,"menu_order":3,"comment_status":"closed","ping_status":"closed","template":"","meta":{"footnotes":""},"class_list":["post-247","page","type-page","status-publish","has-post-thumbnail"],"jetpack_sharing_enabled":true,"jetpack_shortlink":"https:\/\/wp.me\/PfafgB-3Z","_links":{"self":[{"href":"https:\/\/www.policianacional.gov.py\/identificaciones\/wp-json\/wp\/v2\/pages\/247","targetHints":{"allow":["GET"]}}],"collection":[{"href":"https:\/\/www.policianacional.gov.py\/identificaciones\/wp-json\/wp\/v2\/pages"}],"about":[{"href":"https:\/\/www.policianacional.gov.py\/identificaciones\/wp-json\/wp\/v2\/types\/page"}],"author":[{"embeddable":true,"href":"https:\/\/www.policianacional.gov.py\/identificaciones\/wp-json\/wp\/v2\/users\/5"}],"replies":[{"embeddable":true,"href":"https:\/\/www.policianacional.gov.py\/identificaciones\/wp-json\/wp\/v2\/comments?post=247"}],"version-history":[{"count":15,"href":"https:\/\/www.policianacional.gov.py\/identificaciones\/wp-json\/wp\/v2\/pages\/247\/revisions"}],"predecessor-version":[{"id":11876,"href":"https:\/\/www.policianacional.gov.py\/identificaciones\/wp-json\/wp\/v2\/pages\/247\/revisions\/11876"}],"wp:featuredmedia":[{"embeddable":true,"href":"https:\/\/www.policianacional.gov.py\/identificaciones\/wp-json\/wp\/v2\/media\/11875"}],"wp:attachment":[{"href":"https:\/\/www.policianacional.gov.py\/identificaciones\/wp-json\/wp\/v2\/media?parent=247"}],"curies":[{"name":"wp","href":"https:\/\/api.w.org\/{rel}","templated":true}]}}