{"id":164,"date":"2017-05-28T19:18:41","date_gmt":"2017-05-28T23:18:41","guid":{"rendered":"https:\/\/www.policianacional.gov.py\/identificaciones\/?page_id=164"},"modified":"2022-04-25T13:03:18","modified_gmt":"2022-04-25T17:03:18","slug":"quienes-somos","status":"publish","type":"page","link":"https:\/\/www.policianacional.gov.py\/identificaciones\/quienes-somos\/","title":{"rendered":"Qui\u00e9nes somos"},"content":{"rendered":"<p>El Departamento de Identificaciones es un organismo t\u00e9cnico-cient\u00edfico de la Polic\u00eda Nacional, presta servicio en todo el territorio de la Rep\u00fablica del Paraguay, contando con oficinas regionales en la mayor\u00eda de los departamentos.<br \/>\nSu misi\u00f3n esencial es la identificaci\u00f3n de las personas f\u00edsicas que habitan el territorio de la Rep\u00fablica, otorgando la C\u00e9dula de Identidad de acuerdo a la documentaci\u00f3n que certifica la identidad y a trav\u00e9s del cotejo de huellas dactilares; de la misma forma se encarga de expedir documentos de viaje como ser Pasaporte a todas las personas de nacionalidad paraguaya.<\/p>\n<p>Adem\u00e1s, expide Certificados de Antecedentes Policiales y a trav\u00e9s de Convenios,provee a otros organismos estatales los datos de identidad que son ayudan a agilizar tramites administrativos.<\/p>\n<blockquote><p><strong><u>MISI\u00d3N<\/u><\/strong><\/p>\n<p>El Departamento de Identificaciones, conforme a la <em><b>Ley N\u00b0 222\/93 \u201c<\/b><span style=\"font-size: 19.2px\"><b>Org\u00e1nica<\/b><\/span><b> de la Polic\u00eda Nacional\u201d y su modificaci\u00f3n la Ley N\u00b0 5757\/2016<\/b><\/em>, es la dependencia encargada de mantener y organizar en todo el territorio nacional, el servicio de identificaci\u00f3n personal, archivo y registro de antecedentes y del domicilio de las personas, as\u00ed mismo, se encargar\u00e1 de la expedici\u00f3n de c\u00e9dulas de identidad, pasaportes, certificados de antecedentes y otros documentos relacionados son sus funciones.<\/p>\n<p>Mantener actualizada la base de datos personales, asegurando la protecci\u00f3n de la informaci\u00f3n registrada conforme a la ley, mediante la incorporaci\u00f3n de tecnolog\u00edas que permitan dotar al sistema inform\u00e1tico y a los documentos de identidad y viaje de dispositivos de seguridad.<\/p><\/blockquote>\n<p>&nbsp;<\/p>\n<blockquote><p><strong><u>VISI\u00d3N<\/u><\/strong><\/p>\n<p>Proporcionar a la poblaci\u00f3n, un servicio dirigido a la b\u00fasqueda de la excelencia,atrav\u00e9s de tecnicas y niveles de seguridad avanzados en la gesti\u00f3n de documentos, asegurando el reconocimiento y la m\u00e1s alta confiabilidad en las C\u00e9dulas de Identidad y Pasaportes emitidos.<\/p>\n<p>Desarrollar planes de capacitaci\u00f3n, que potencien el desempe\u00f1o del personal componente del Departamento de Identificaciones, a fin de promover valores como la responsabilidad, la profesionalidad y diligencia en el cumplimiento del servicio, redundando en una atenci\u00f3n \u00e1gil y amable para la poblaci\u00f3n.<\/p>\n<p>Promover campa\u00f1as de documentaci\u00f3n que ayude a disminuir el \u00edndice de poblaci\u00f3n indocumentada, logrando que la Instituci\u00f3n se encuentre m\u00e1s cerca del usuario, para garantizar a la sociedad su derecho a la identidad.<strong>\u00a0<\/strong><\/p><\/blockquote>\n<p>&nbsp;<\/p>\n<blockquote>\n<p style=\"text-align: center\"><strong><u>VALORES<\/u><\/strong><\/p>\n<p style=\"text-align: center\"><strong>Profesionalismo, Responsabilidad, Confiabilidad y Respeto<\/strong><\/p>\n<\/blockquote>\n<p>&nbsp;<\/p>\n<h2>Historia<\/h2>\n<p style=\"text-align: justify\">El 8 de marzo de 1843 fue creado el Dpto. de Polic\u00eda de la Capital por un decreto firmado por los se\u00f1ores Don Carlos Antonio L\u00f3pez, \u00a0Don Mariano Roque Alonso y Don Benito Mart\u00ednez Varela. \u00a0Este decreto del Segundo Gobierno consular es el que da base jur\u00eddica concreta y autentica y existencia real a la polic\u00eda de la Capital, \u00a0decreto que el poco llamativo t\u00edtulo de \u00a0\u201cArreglo de la Polic\u00eda de la Capital\u201d crea la instituci\u00f3n establece su estructura org\u00e1nica y delimita sus funciones el primer jefe de polic\u00eda fue el ciudadano Pedro Nolasco Fern\u00e1ndez y ocupo el cargo en forma interina. El 1 de setiembre de 1870 se hac\u00eda patente la necesidad de establecer un sistema de documentaci\u00f3n para el control de movimiento de personas especialmente para el desplazamiento al exterior.<\/p>\n<p style=\"text-align: justify\">En consecuencia el 5 de enero del a\u00f1o 1873 por decreto del poder ejecutivo se dispuso que toda persona que quisiera ausentarse para el exterior as\u00ed como las que quisiera viajar por el interior de la rep\u00fablica deber\u00edan munirse del pasaporte correspondiente expedido por el departamento general de Polic\u00eda. El Art\u00edculo 3 del referido decreto se establece que los infractores ser\u00e1n reducidos a prisi\u00f3n.<\/p>\n<p style=\"text-align: justify\">En el a\u00f1o 1905 Juan Vucetich, creador del sistema dactilosc\u00f3pico obsequio a la polic\u00eda paraguaya uno de los 5 libros de su autor\u00eda. Es el mismo sistema que rige actualmente en nuestro pa\u00eds y en casos todos los pa\u00edses del mundo.<\/p>\n<p style=\"text-align: justify\">Existe un convenio internacional de la Polic\u00eda celebrado en Buenos Aires, \u00a0Rep\u00fablica Argentina el 20 de octubre de 1905 con la participaci\u00f3n de representantes de Buenos Aires, \u00a0La Plata, \u00a0Rio de Janeiro, \u00a0Santiago de Chile, \u00a0Montevideo\u00a0 y Asunci\u00f3n, \u00a0que en su Art\u00edculo 10 establece que los contratantes procuraran facilitar que toda persona honesta registre en la oficina de identificaciones sus antecedentes y su individual dactiloscopia los cuales sirvan no solo para evitar injustos vej\u00e1menes, sino tambi\u00e9n personal \u00fatil en cualquier circunstancia. Esta circunstancia fue la que en forma inmediata motivo la creaci\u00f3n del gabinete de Identificaci\u00f3n que se produjo en los primeros meses del a\u00f1o 1906. Entonces no se exped\u00eda aun c\u00e9dula de identidad pero si el pasaporte policial y el certificado de buena conducta.<\/p>\n<p style=\"text-align: justify\"><strong>\u00a0\u00a0 Por resoluci\u00f3n N\u00ba 7 de la Jefatura de Polic\u00eda del 19 de enero de 1921, se establecen Secci\u00f3n de Identificaci\u00f3n en las Comisar\u00edas Primera, Segunda y Tercera. <\/strong>Reci\u00e9n el 2 de Enero de 1924 comenz\u00f3 la expedici\u00f3n de la C\u00e9dula de Identidad. Los n\u00fameros de estas primeras C\u00e9dulas de Identidad, del N\u00ba 1 al 15.000 coincid\u00edan exactamente con los n\u00fameros de sus correspondientes Prontuarios, es decir, un n\u00famero de Prontuario Policial era el mismo que el n\u00famero que llevaba su respectiva c\u00e9dula de Identidad.<\/p>\n<p style=\"text-align: justify\">Reci\u00e9n desde el a\u00f1o 1927, por resoluci\u00f3n N\u00ba 432 del 14 de octubre se reglament\u00f3 la expedici\u00f3n de la C\u00e9dula de Identidad. El <strong>Art. 1\u00ba establec\u00eda que: EL Gabinete de Identificaci\u00f3n del Departamento Central de Polic\u00eda<\/strong> ser\u00e1 una <strong>Sub-Secci\u00f3n T\u00e9cnica de la Divisi\u00f3n de Investigaciones<\/strong>, a cargo de un funcionario que se nominar\u00e1 <strong><u>Director de Identificaciones, <\/u><\/strong>con los auxiliares respectivos que determine la Ley de Presupuesto. Este sistema rigi\u00f3 hasta febrero del a\u00f1o 1962, fecha en que entr\u00f3 en vigencia el nuevo tipo de C\u00e9dula de Identidad: Tipo carnet, pero en el Prontuario de las personas se siguen anotando dichos caracteres.<\/p>\n<p style=\"text-align: justify\">Por resoluci\u00f3n N\u00ba 303 de la Jefatura de Polic\u00eda del 22 de mayo de 1936, se establece la obligatoriedad de la C\u00e9dula de Identidad Nacional a todos los extranjeros radicados en el pa\u00eds. Posteriormente en la <strong><em>Ley N\u00b0 222\/93 \u201cOrg\u00e1nica de la Polic\u00eda Nacional\u201d,<\/em> <\/strong>en el Art. 6, inc. 10 y 11, se establece las funciones, obligaciones y atribuciones del Departamento de Identificaciones.<\/p>\n<p style=\"text-align: justify\">Desde el a\u00f1o 2010, el Departamento cuenta con un sistema <strong><em>Automatizado de Identificaci\u00f3n de Huella Dactilar<\/em> A. F. I. S. (Automated Fingerprint Identification Systems)<\/strong>. Sistema que permite la identificaci\u00f3n f\u00edsica de las personas, estando presente la misma (toma de impresiones dactilares en vivo), o a trav\u00e9s de las huellas latentes levantadas del lugar del hecho. La identificaci\u00f3n de las personas en vivo puede realizarse por la impresi\u00f3n decadactilar (10 dedos) o simplemente con el pulgar derecho e izquierdo conforme al tipo de equipo de identificaci\u00f3n que se est\u00e9 utilizando.<\/p>\n<p style=\"text-align: justify\">La Primera c\u00e9dula de Identidad, N\u00ba 1 (uno) fue emitida, seg\u00fan consta en el Archivo Oficial del Departamento de Identificaciones, en fecha: 21 de enero de 1924, correspondiente al ciudadano <strong>Modesto Hidalgo<\/strong>, nacido en la ciudad de Villeta. El N\u00famero de la C\u00e9dula de Identidad es de orden correlativo, a partir del N\u00ba 1 (uno) y actualmente el n\u00famero de emisi\u00f3n es el <strong>8.198.325<\/strong>, de fecha\u00a027 de\u00a0marzo de 2017.<\/p>\n<p style=\"text-align: justify\">El n\u00famero de I.C. se basa en lo siguiente: los primeros tres n\u00fameros corresponden al n\u00famero de oficina del lugar de Inscripci\u00f3n, los siguiente ocho n\u00fameros corresponden a la fecha de inscripci\u00f3n, (d\u00eda-mes-a\u00f1o), los siguientes tres n\u00fameros corresponden al n\u00famero de folio, los otros tres al n\u00famero de tomo y los tres \u00faltimos el n\u00famero de acta.<\/p>\n<ul>\n<li><strong>Ejemplo:<\/strong><\/li>\n<\/ul>\n<p>575-02012012-111-123-006<\/p>\n<p>Oficina-fecha-folio-tomo-acta<\/p>\n","protected":false},"excerpt":{"rendered":"<p>El Departamento de Identificaciones es un organismo t\u00e9cnico-cient\u00edfico de la Polic\u00eda Nacional, presta servicio en todo el territorio de la Rep\u00fablica del Paraguay, contando con oficinas regionales en la mayor\u00eda de los departamentos. Su misi\u00f3n esencial es la identificaci\u00f3n de &#8230; <a title=\"Qui\u00e9nes somos\" class=\"read-more\" href=\"https:\/\/www.policianacional.gov.py\/identificaciones\/quienes-somos\/\" aria-label=\"Leer m\u00e1s sobre Qui\u00e9nes somos\">Leer M\u00e1s&#8230;<\/a><\/p>\n","protected":false},"author":5,"featured_media":0,"parent":0,"menu_order":0,"comment_status":"closed","ping_status":"closed","template":"","meta":{"footnotes":""},"class_list":["post-164","page","type-page","status-publish"],"jetpack_sharing_enabled":true,"jetpack_shortlink":"https:\/\/wp.me\/PfafgB-2E","_links":{"self":[{"href":"https:\/\/www.policianacional.gov.py\/identificaciones\/wp-json\/wp\/v2\/pages\/164","targetHints":{"allow":["GET"]}}],"collection":[{"href":"https:\/\/www.policianacional.gov.py\/identificaciones\/wp-json\/wp\/v2\/pages"}],"about":[{"href":"https:\/\/www.policianacional.gov.py\/identificaciones\/wp-json\/wp\/v2\/types\/page"}],"author":[{"embeddable":true,"href":"https:\/\/www.policianacional.gov.py\/identificaciones\/wp-json\/wp\/v2\/users\/5"}],"replies":[{"embeddable":true,"href":"https:\/\/www.policianacional.gov.py\/identificaciones\/wp-json\/wp\/v2\/comments?post=164"}],"version-history":[{"count":6,"href":"https:\/\/www.policianacional.gov.py\/identificaciones\/wp-json\/wp\/v2\/pages\/164\/revisions"}],"predecessor-version":[{"id":5849,"href":"https:\/\/www.policianacional.gov.py\/identificaciones\/wp-json\/wp\/v2\/pages\/164\/revisions\/5849"}],"wp:attachment":[{"href":"https:\/\/www.policianacional.gov.py\/identificaciones\/wp-json\/wp\/v2\/media?parent=164"}],"curies":[{"name":"wp","href":"https:\/\/api.w.org\/{rel}","templated":true}]}}