{"id":136,"date":"2017-04-26T09:25:25","date_gmt":"2017-04-26T13:25:25","guid":{"rendered":"https:\/\/www.policianacional.gov.py\/antisecuestro\/?page_id=136"},"modified":"2023-09-27T13:55:24","modified_gmt":"2023-09-27T17:55:24","slug":"contacto","status":"publish","type":"page","link":"https:\/\/www.policianacional.gov.py\/antisecuestro\/contacto\/","title":{"rendered":"CONT\u00c1CTENOS:"},"content":{"rendered":"<p><strong><span style=\"font-size: 14pt;\">Para denuncias ciudadanas, informaci\u00f3n confidencial o solicitud de charlas, completar el siguiente campo. Un personal se pondr\u00e1 en contacto en la brevedad posible. Muchas Gracias!<\/span><\/strong><\/p>\n<div  class=\"lgc-column lgc-grid-parent lgc-grid-50 lgc-tablet-grid-50 lgc-mobile-grid-100 lgc-equal-heights \"><div  class=\"inside-grid-column\">\n<p><div data-test='contact-form'\n\t\t\tid='contact-form-136'\n\t\t\tclass='jetpack-contact-form-container '\n\t\t\tdata-wp-interactive='jetpack\/form' data-wp-context='{\"formId\":\"136\",\"formHash\":\"e8cbc292e7ab4d2a6dd1c8a573a205ab3bca04c7\",\"showErrors\":false,\"errors\":[],\"fields\":[],\"isMultiStep\":false,\"useAjax\":true,\"submissionData\":null,\"formattedSubmissionData\":[],\"submissionSuccess\":false,\"submissionError\":null,\"elementId\":\"jp-form-e8cbc292e7ab4d2a6dd1c8a573a205ab3bca04c7\",\"isSingleInputForm\":false,\"isForcedHorizontal\":false}'\n\t\t\tdata-wp-watch--scroll-to-wrapper=\"callbacks.scrollToWrapper\">\n<div class=\"contact-form-submission contact-form-ajax-submission\" data-wp-bind--aria-hidden=\"state.isSuccessMessageAriaHidden\" data-wp-class--submission-success=\"context.submissionSuccess\" id=\"contact-form-success-e8cbc292e7ab4d2a6dd1c8a573a205ab3bca04c7\" tabindex=\"-1\" aria-labelledby=\"contact-form-success-header-e8cbc292e7ab4d2a6dd1c8a573a205ab3bca04c7\"><p class=\"go-back-message\"><a class=\"link\" role=\"button\" tabindex=\"0\" data-wp-on--click=\"actions.goBack\" href=\"\/antisecuestro\/wp-json\/wp\/v2\/pages\/136\">\u2190 Volver<\/a><\/p><h4 data-wp-bind--aria-hidden=\"state.isSuccessMessageAriaHidden\" id=\"contact-form-success-header-e8cbc292e7ab4d2a6dd1c8a573a205ab3bca04c7\">Gracias por tu respuesta. \u2728<\/h4>\n\n<template data-wp-each--submission=\"context.formattedSubmissionData\">\n\t\t\t\t\t<div class=\"jetpack_forms_contact-form-success-summary\">\n\t\t\t\t\t\t<div class=\"field-name-wrapper\">\n\t\t\t\t\t\t\t<div class=\"field-type-icon\" data-wp-watch=\"callbacks.watchFieldTypeIcon\"><\/div>\n\t\t\t\t\t\t\t<div class=\"field-name\" data-wp-text=\"context.submission.label\" data-wp-bind--hidden=\"!context.submission.label\"><\/div>\n\t\t\t\t\t\t<\/div>\n\t\t\t\t\t\t<div class=\"field-value\" data-wp-text=\"context.submission.value\" data-wp-bind--hidden=\"!context.submission.showPlainValue\"><\/div>\n\t\t\t\t\t\t<a class=\"field-url\" data-wp-bind--href=\"context.submission.url\" data-wp-text=\"context.submission.value\" data-wp-bind--hidden=\"!context.submission.url\" target=\"_blank\" rel=\"noopener noreferrer\"><\/a>\n\t\t\t\t\t\t<div class=\"field-rating\" data-wp-bind--hidden=\"!context.submission.rating\" data-wp-watch=\"callbacks.watchRatingIcons\"><\/div>\n\t\t\t\t\t\t<div class=\"field-images\" data-wp-bind--hidden=\"!context.submission.images\">\n\t\t\t\t\t\t\t<template data-wp-each--image=\"context.submission.images\">\n\t\t\t\t\t\t\t\t<div class=\"field-image-option\" data-wp-class--is-empty=\"!context.image.src\">\n\t\t\t\t\t\t\t\t\t<figure class=\"field-image-option__image\" data-wp-class--is-empty=\"!context.image.src\">\n\t\t\t\t\t\t\t\t\t\t<img data-wp-bind--src=\"context.image.src\" data-wp-bind--hidden=\"!context.image.src\" \/>\n\t\t\t\t\t\t\t\t\t\t<img decoding=\"async\" src=\"data:image\/gif;base64,R0lGODlhAQABAAD\/ACwAAAAAAQABAAACADs=\" data-wp-bind--hidden=\"context.image.src\" \/>\n\t\t\t\t\t\t\t\t\t<\/figure>\n\t\t\t\t\t\t\t\t\t<div class=\"field-image-option__label-wrapper\">\n\t\t\t\t\t\t\t\t\t\t<span class=\"field-image-option__label-code\" data-wp-text=\"context.image.letterCode\"><\/span>\n\t\t\t\t\t\t\t\t\t\t<span class=\"field-image-option__label\" data-wp-text=\"context.image.label\" data-wp-bind--hidden=\"!context.image.label\"><\/span>\n\t\t\t\t\t\t\t\t\t<\/div>\n\t\t\t\t\t\t\t\t<\/div>\n\t\t\t\t\t\t\t<\/template>\n\t\t\t\t\t\t<\/div>\n\t\t\t\t\t\t<div class=\"field-files\" data-wp-bind--hidden=\"!context.submission.files\">\n\t\t\t\t\t\t\t<template data-wp-each--file=\"context.submission.files\">\n\t\t\t\t\t\t\t\t<div class=\"field-file\">\n\t\t\t\t\t\t\t\t\t<div class=\"field-file__thumbnail\" data-wp-style--background-image=\"context.file.previewUrl\" data-wp-style--mask-image=\"context.file.iconUrl\" data-wp-bind--hidden=\"!context.file.hasPreview\"><\/div>\n\t\t\t\t\t\t\t\t\t<svg class=\"field-file__icon\" data-wp-bind--hidden=\"context.file.hasPreview\" width=\"20\" height=\"20\" viewBox=\"0 0 24 24\" fill=\"none\" xmlns=\"http:\/\/www.w3.org\/2000\/svg\" aria-hidden=\"true\">\n\t\t\t\t\t\t\t\t\t\t<path d=\"M14 2H6C4.9 2 4 2.9 4 4V20C4 21.1 4.89 22 5.99 22H18C19.1 22 20 21.1 20 20V8L14 2ZM18 20H6V4H13V9H18V20Z\" fill=\"currentColor\"><\/path>\n\t\t\t\t\t\t\t\t\t<\/svg>\n\t\t\t\t\t\t\t\t\t<span class=\"field-file__name\" data-wp-text=\"context.file.name\"><\/span>\n\t\t\t\t\t\t\t\t\t<span class=\"field-file__size\" data-wp-text=\"context.file.size\"><\/span>\n\t\t\t\t\t\t\t\t<\/div>\n\t\t\t\t\t\t\t<\/template>\n\t\t\t\t\t\t<\/div>\n\t\t\t\t\t<\/div>\n\t\t\t\t<\/template><\/div><form action='https:\/\/www.policianacional.gov.py\/antisecuestro\/contacto\/'\n\t\t\t\tid='jp-form-e8cbc292e7ab4d2a6dd1c8a573a205ab3bca04c7'\n\t\t\t\tmethod='post'\n\t\t\t\tclass='contact-form commentsblock jetpack-contact-form__form has-no-jetpack-form-layout' aria-label=\"CONT\u00c1CTENOS:\"\n\t\t\t\tdata-wp-on--submit=\"actions.onFormSubmit\"\n\t\t\t\tdata-wp-on--reset=\"actions.onFormReset\"\n\t\t\t\tdata-wp-class--submission-success=\"context.submissionSuccess\"\n\t\t\t\tdata-wp-class--is-first-step=\"state.isFirstStep\"\n\t\t\t\tdata-wp-class--is-last-step=\"state.isLastStep\"\n\t\t\t\tdata-wp-class--is-ajax-form=\"context.useAjax\"\n\t\t\t\tnovalidate>\n<input type='hidden' name='jetpack_contact_form_jwt' value='eyJ0eXAiOiJKV1QiLCJhbGciOiJIUzI1NiJ9.eyJlbmNyeXB0ZWRfYXR0cmlidXRlcyI6InRzVDIzY2V0MjlNbWRaZCtJbFlzMExjQ2ZkSFdLWGZnU1RYUllnU1ljdEpmb0w2WGdDSzdaNnZtdkFuc245QnFTeWJXaFkvY2RjU2luNys0bmpUb250NlBLdmY1MWUxWml3TUZodFBWaUFlMjZkYzBpWW10WUFLUFpOeVgxRUM1RDNhMUVxRnlOVkFjWGpUY2QrdzU1UUQ3VHRpd0UrTWtuclB6OE9ia1BPWlBUSVN2ZkNLMkk5WjJFdzBDTnhQQnJTZEdnaDF6czZwbFh3azlSaFJuemEyR1FlZ3U3MDk1MlF0bWo4VWk5TmNncjRnd0RrYlVLSmVsR1I5YTdEc0UrcXE3RGp6RjBtQlo5Z1h4R0hucmRLVkNWcGJ4ZVBXL3hVWXZmcGlhTTlOaHErWERFeHIwLzFnWEN1UnFVNjh5WmxUZjlBZjBMRWJhUkhQc2FaYUk5WjA2Z04vNURLS3BQcFNLcVlnRG9tN1Awa25ic0VWWTVKeWxPNi9OdlMrN2t0dzhLa1NCdktaUTZaMmhxU0wvVlRTYklhUWp1cVJ6RTF4N1Exa3BwRUc4WC9qVWFFaW9qa2prK25hNW5CdzZ3SE1aMG5uL0xIMWVQblo2cWd3TkdIYlQxSFJQVlgzRjhYbWdEeSsxdUgwaWFncDhtYlBEai9xYUoveFIyOENlaFFPV0xIQ29TT0U0SnpWa2NpQ2prNi9mTHpGMWRqQW9lQ0hXTlhIKzVETGFhZDB1TXhOOXVBWU1GWlhuZTR5YkdzdlNrNXdpeDhsTEJRNzV5bVJDcjZiaFRQWUx4V1UyejVCUXdmUGZjR0VSN1JLejhGRndEbEpxVEhMcmltdDZmUEdiVU9nbCtNYnhjaUpQeHBTTkxyK0IwNXJhSFliTjJIRDZEWWcvSU5UQXhUUGkwVVl4ckRPL2VjempZS05rUXV1bmNIYmVVQitYYm9MV1h4N0p6MWdGdUJiN1Fab3laWHQwQ0w1YzhkdVlXZTlpdVpjdHZYR1kwSFZSclZCblBmK09Ca1B4bStWeHRsNmpyVjVUZllrQjBLdG8ySGptV0huaGlYYmV6SVVXWUFrdzFyU0M1aXNDSHFRSno0ODkreTdzekFHVmI4TDNYQ3Uxb09ScjFZdHp0amZrSW9DQTBhODh2eDVnWnBCeFIzenZENUpMaXc9PSIsImNvbnRlbnQiOiJbY29udGFjdC1maWVsZCBsYWJlbD1cIk5vbWJyZVwiIHR5cGU9XCJuYW1lXCIgcmVxdWlyZWQ9XCIxXCJdW2NvbnRhY3QtZmllbGQgbGFiZWw9XCJDb3JyZW8gZWxlY3RyXHUwMGYzbmljb1wiIHR5cGU9XCJlbWFpbFwiIHJlcXVpcmVkPVwiMVwiXVtjb250YWN0LWZpZWxkIGxhYmVsPVwiTWVuc2FqZVwiIHR5cGU9XCJ0ZXh0YXJlYVwiXTxiciAvPlxuIiwiaGFzaCI6ImU4Y2JjMjkyZTdhYjRkMmE2ZGQxYzhhNTczYTIwNWFiM2JjYTA0YzciLCJzb3VyY2UiOnsiZW50cnlfdGl0bGUiOiJDT05UXHUwMGMxQ1RFTk9TOiIsImVudHJ5X3BhZ2UiOjEsInNvdXJjZV9pZCI6MTM2LCJzb3VyY2VfdHlwZSI6InNpbmdsZSIsInJlcXVlc3RfdXJsIjoiaHR0cHM6Ly93d3cucG9saWNpYW5hY2lvbmFsLmdvdi5weS9hbnRpc2VjdWVzdHJvL3dwLWpzb24vd3AvdjIvcGFnZXMvMTM2In0sInZlcnNpb24iOjIsImNpcGhlciI6ImFlcy0yNTYtZ2NtIn0.c0SL9Hg4t7-SJ-JRvqoW-4J4AS5F_wyNmt_bj_xhJN0' \/>\n\n<div style=\"\"  data-wp-interactive=\"jetpack\/form\" data-wp-context='{\"fieldId\":\"g136-nombre\",\"fieldType\":\"name\",\"fieldLabel\":\"Nombre\",\"fieldValue\":\"\",\"fieldPlaceholder\":\"\",\"fieldIsRequired\":\"1\",\"fieldErrorMessage\":\"\",\"fieldExtra\":[],\"formHash\":\"e8cbc292e7ab4d2a6dd1c8a573a205ab3bca04c7\"}'  class='grunion-field-name-wrap grunion-field-wrap'  data-wp-init='callbacks.initializeField' data-wp-on--jetpack-form-reset='callbacks.initializeField'>\n<label\n\t\t\t\tfor='g136-nombre' class=\"grunion-field-label name\">Nombre<span class=\"grunion-label-required\" aria-hidden=\"true\">(obligatorio)<\/span><\/label>\n<input type='text'\n\t\t\t\t\tname='g136-nombre'\n\t\t\t\t\tid='g136-nombre'\n\t\t\t\t\tvalue=''\n\n\t\t\t\t\tdata-wp-bind--aria-invalid='state.fieldAriaInvalid'\n\t\t\t\t\tdata-wp-bind--value='state.getFieldValue'\n\t\t\t\t\taria-describedby='g136-nombre-text-error-message'\n\t\t\t\t\tdata-wp-on--input='actions.onFieldChange'\n\t\t\t\t\tdata-wp-on--blur='actions.onFieldBlur'\n\t\t\t\t\tdata-wp-class--has-value='state.hasFieldValue'\n\n\t\t\t\t\tclass='name  grunion-field' \n\t\t\t\t\trequired='true' aria-required='true'  \/>\n \n\t\t\t<div id=\"g136-nombre-text-error\" class=\"contact-form__input-error\" data-wp-class--has-errors=\"state.fieldHasErrors\">\n\t\t\t\t<span class=\"contact-form__warning-icon\" aria-hidden=\"true\">\n\t\t\t\t\t<svg width=\"16\" height=\"16\" viewBox=\"0 0 16 16\" fill=\"none\" xmlns=\"http:\/\/www.w3.org\/2000\/svg\">\n\t\t\t\t\t\t<path d=\"M8.50015 11.6402H7.50015V10.6402H8.50015V11.6402Z\"><\/path>\n\t\t\t\t\t\t<path d=\"M7.50015 9.64018H8.50015V6.30684H7.50015V9.64018Z\"><\/path>\n\t\t\t\t\t\t<path fill-rule=\"evenodd\" clip-rule=\"evenodd\" d=\"M6.98331 3.0947C7.42933 2.30177 8.57096 2.30177 9.01698 3.09469L13.8771 11.7349C14.3145 12.5126 13.7525 13.4735 12.8602 13.4735H3.14004C2.24774 13.4735 1.68575 12.5126 2.12321 11.7349L6.98331 3.0947ZM8.14541 3.58496C8.08169 3.47168 7.9186 3.47168 7.85488 3.58496L2.99478 12.2251C2.93229 12.3362 3.01257 12.4735 3.14004 12.4735H12.8602C12.9877 12.4735 13.068 12.3362 13.0055 12.2251L8.14541 3.58496Z\"><\/path>\n\t\t\t\t\t<\/svg>\n\t\t\t\t<\/span>\n\t\t\t\t<span data-wp-text=\"state.errorMessage\" id=\"g136-nombre-text-error-message\"><\/span>\n\t\t\t<\/div> \n\t<\/div>\n\n<div style=\"\"  data-wp-interactive=\"jetpack\/form\" data-wp-context='{\"fieldId\":\"g136-correoelectrnico\",\"fieldType\":\"email\",\"fieldLabel\":\"Correo electr\\u00f3nico\",\"fieldValue\":\"\",\"fieldPlaceholder\":\"\",\"fieldIsRequired\":\"1\",\"fieldErrorMessage\":\"\",\"fieldExtra\":[],\"formHash\":\"e8cbc292e7ab4d2a6dd1c8a573a205ab3bca04c7\"}'  class='grunion-field-email-wrap grunion-field-wrap'  data-wp-init='callbacks.initializeField' data-wp-on--jetpack-form-reset='callbacks.initializeField'>\n<label\n\t\t\t\tfor='g136-correoelectrnico' class=\"grunion-field-label email\">Correo electr\u00f3nico<span class=\"grunion-label-required\" aria-hidden=\"true\">(obligatorio)<\/span><\/label>\n<input type='email'\n\t\t\t\t\tname='g136-correoelectrnico'\n\t\t\t\t\tid='g136-correoelectrnico'\n\t\t\t\t\tvalue=''\n\n\t\t\t\t\tdata-wp-bind--aria-invalid='state.fieldAriaInvalid'\n\t\t\t\t\tdata-wp-bind--value='state.getFieldValue'\n\t\t\t\t\taria-describedby='g136-correoelectrnico-email-error-message'\n\t\t\t\t\tdata-wp-on--input='actions.onFieldChange'\n\t\t\t\t\tdata-wp-on--blur='actions.onFieldBlur'\n\t\t\t\t\tdata-wp-class--has-value='state.hasFieldValue'\n\n\t\t\t\t\tclass='email  grunion-field' \n\t\t\t\t\trequired='true' aria-required='true'  \/>\n \n\t\t\t<div id=\"g136-correoelectrnico-email-error\" class=\"contact-form__input-error\" data-wp-class--has-errors=\"state.fieldHasErrors\">\n\t\t\t\t<span class=\"contact-form__warning-icon\" aria-hidden=\"true\">\n\t\t\t\t\t<svg width=\"16\" height=\"16\" viewBox=\"0 0 16 16\" fill=\"none\" xmlns=\"http:\/\/www.w3.org\/2000\/svg\">\n\t\t\t\t\t\t<path d=\"M8.50015 11.6402H7.50015V10.6402H8.50015V11.6402Z\"><\/path>\n\t\t\t\t\t\t<path d=\"M7.50015 9.64018H8.50015V6.30684H7.50015V9.64018Z\"><\/path>\n\t\t\t\t\t\t<path fill-rule=\"evenodd\" clip-rule=\"evenodd\" d=\"M6.98331 3.0947C7.42933 2.30177 8.57096 2.30177 9.01698 3.09469L13.8771 11.7349C14.3145 12.5126 13.7525 13.4735 12.8602 13.4735H3.14004C2.24774 13.4735 1.68575 12.5126 2.12321 11.7349L6.98331 3.0947ZM8.14541 3.58496C8.08169 3.47168 7.9186 3.47168 7.85488 3.58496L2.99478 12.2251C2.93229 12.3362 3.01257 12.4735 3.14004 12.4735H12.8602C12.9877 12.4735 13.068 12.3362 13.0055 12.2251L8.14541 3.58496Z\"><\/path>\n\t\t\t\t\t<\/svg>\n\t\t\t\t<\/span>\n\t\t\t\t<span data-wp-text=\"state.errorMessage\" id=\"g136-correoelectrnico-email-error-message\"><\/span>\n\t\t\t<\/div> \n\t<\/div>\n\n<div style=\"\"  data-wp-interactive=\"jetpack\/form\" data-wp-context='{\"fieldId\":\"g136-mensaje\",\"fieldType\":\"textarea\",\"fieldLabel\":\"Mensaje\",\"fieldValue\":\"\",\"fieldPlaceholder\":\"\",\"fieldIsRequired\":\"\",\"fieldErrorMessage\":\"\",\"fieldExtra\":[],\"formHash\":\"e8cbc292e7ab4d2a6dd1c8a573a205ab3bca04c7\"}'  class='grunion-field-textarea-wrap grunion-field-wrap'  data-wp-init='callbacks.initializeField' data-wp-on--jetpack-form-reset='callbacks.initializeField'>\n<label\n\t\t\t\tfor='contact-form-comment-g136-mensaje' class=\"grunion-field-label textarea\">Mensaje<\/label>\n<textarea\n\t\t                style=''\n\t\t                name='g136-mensaje'\n\t\t                id='contact-form-comment-g136-mensaje'\n\t\t                rows='20'\n\t\t\t\t\t\tdata-wp-text='state.getFieldValue'\n\t\t\t\t\t\tdata-wp-on--input='actions.onFieldChange'\n\t\t\t\t\t\tdata-wp-on--blur='actions.onFieldBlur'\n\t\t\t\t\t\tdata-wp-class--has-value='state.hasFieldValue'\n\t\t\t\t\t\taria-describedby='g136-mensaje-textarea-error-message'\n\t\t\t\t\t\tdata-wp-bind--aria-invalid='state.fieldAriaInvalid'\n\t\t\t\t\t\tclass='textarea  grunion-field'><\/textarea>\n \n\t\t\t<div id=\"g136-mensaje-textarea-error\" class=\"contact-form__input-error\" data-wp-class--has-errors=\"state.fieldHasErrors\">\n\t\t\t\t<span class=\"contact-form__warning-icon\" aria-hidden=\"true\">\n\t\t\t\t\t<svg width=\"16\" height=\"16\" viewBox=\"0 0 16 16\" fill=\"none\" xmlns=\"http:\/\/www.w3.org\/2000\/svg\">\n\t\t\t\t\t\t<path d=\"M8.50015 11.6402H7.50015V10.6402H8.50015V11.6402Z\"><\/path>\n\t\t\t\t\t\t<path d=\"M7.50015 9.64018H8.50015V6.30684H7.50015V9.64018Z\"><\/path>\n\t\t\t\t\t\t<path fill-rule=\"evenodd\" clip-rule=\"evenodd\" d=\"M6.98331 3.0947C7.42933 2.30177 8.57096 2.30177 9.01698 3.09469L13.8771 11.7349C14.3145 12.5126 13.7525 13.4735 12.8602 13.4735H3.14004C2.24774 13.4735 1.68575 12.5126 2.12321 11.7349L6.98331 3.0947ZM8.14541 3.58496C8.08169 3.47168 7.9186 3.47168 7.85488 3.58496L2.99478 12.2251C2.93229 12.3362 3.01257 12.4735 3.14004 12.4735H12.8602C12.9877 12.4735 13.068 12.3362 13.0055 12.2251L8.14541 3.58496Z\"><\/path>\n\t\t\t\t\t<\/svg>\n\t\t\t\t<\/span>\n\t\t\t\t<span data-wp-text=\"state.errorMessage\" id=\"g136-mensaje-textarea-error-message\"><\/span>\n\t\t\t<\/div>\n\t<\/div>\n<br \/>\n\t<p class='contact-submit'>\n<div class=\"contact-form__error\" data-wp-class--show-errors=\"state.showFormErrors\"><span class=\"contact-form__warning-icon\" aria-hidden=\"true\"><i><\/i><\/span><span class=\"contact-form__error-message\" tabindex=\"-1\" data-wp-watch=\"callbacks.focusOnValidationError\" data-wp-text=\"state.getFormErrorMessage\"><\/span><ul aria-label=\"Errores del formulario\">\n\t\t\t\t<template data-wp-each=\"state.getErrorList\" data-wp-key=\"context.item.id\">\n\t\t\t\t\t<li><a data-wp-bind--href=\"context.item.anchor\" data-wp-on--click=\"actions.scrollIntoView\" data-wp-text=\"context.item.label\"><\/a><\/li>\n\t\t\t\t<\/template>\n\t\t\t\t<\/ul><\/div><div class=\"contact-form__error\" data-wp-class--show-errors=\"state.showSubmissionError\" data-wp-text=\"context.submissionError\" tabindex=\"-1\" data-wp-watch=\"callbacks.focusOnSubmissionError\"><\/div>\t\t<button type='submit' class='pushbutton-wide'>Enviar<\/button>\t\t<input type='hidden' name='contact-form-id' value='136' \/>\n\t\t<input type='hidden' name='action' value='grunion-contact-form' \/>\n\t\t<input type='hidden' name='contact-form-hash' value='e8cbc292e7ab4d2a6dd1c8a573a205ab3bca04c7' \/>\n\t<\/p>\n<\/form>\n<\/div><\/p>\n<p><\/p><\/div><\/div>\n<div  class=\"lgc-column lgc-grid-parent lgc-grid-50 lgc-tablet-grid-50 lgc-mobile-grid-100 lgc-equal-heights \"><div  class=\"inside-grid-column\">\n<p><iframe loading=\"lazy\" src=\"https:\/\/www.google.com\/maps\/embed?pb=!1m18!1m12!1m3!1d3607.1961065138566!2d-57.646863724474144!3d-25.297614527667122!2m3!1f0!2f0!3f0!3m2!1i1024!2i768!4f13.1!3m3!1m2!1s0x945d09e5eb013107%3A0x1969d25d076e141d!2sDepartamento%20Antisecuestro!5e0!3m2!1ses-419!2spy!4v1695835938899!5m2!1ses-419!2spy\" width=\"600\" height=\"450\" style=\"border:0;\" allowfullscreen=\"allowfullscreen\"><\/iframe><br \/>\n<\/p><\/div><\/div>\n<ul style=\"list-style-type: none;\">\n<li style=\"list-style-type: none;\">\n<ul style=\"list-style-type: none;\">\n<li><i class=\"fa fa-location-arrow\"><\/i>\u00a0 Atenas C\/ Nuestra Se\u00f1ora de la Asunci\u00f3n, Asunci\u00f3n &#8211; Paraguay<\/li>\n<li><strong>L\u00edneas Telef\u00f3nicas\u00a0<\/strong><\/li>\n<li><i class=\"fa fa-phone\"><\/i><strong>\u00a0 021 375-300<\/strong>\u00a0 \u00a0 Oficina de Guardia<\/li>\n<li><i class=\"fa fa-phone\"><\/i><strong>*377<\/strong>\u00a0 \u00a0 \u00a0 \u00a0 \u00a0 \u00a0 \u00a0 \u00a0 \u00a0 \u00a0 \u00a0 L\u00ednea gratuita<\/li>\n<\/ul>\n<\/li>\n<\/ul>\n<ul style=\"list-style-type: none;\">\n<li style=\"list-style-type: none;\">\n<ul style=\"list-style-type: none;\">\n<li><i class=\"fa fa-envelope\"><\/i>\u00a0 info@antisecuestro.gov.py<\/li>\n<\/ul>\n<\/li>\n<\/ul>\n<div style=\"text-align: center; padding: 3px;\"><\/div>\n","protected":false},"excerpt":{"rendered":"<p>Para denuncias ciudadanas, informaci\u00f3n confidencial o solicitud de charlas, completar el siguiente campo. Un personal se pondr\u00e1 en contacto en la brevedad posible. Muchas Gracias! \u00a0 Atenas C\/ Nuestra Se\u00f1ora de la Asunci\u00f3n, Asunci\u00f3n &#8211; Paraguay L\u00edneas Telef\u00f3nicas\u00a0 \u00a0 021 375-300\u00a0 \u00a0 Oficina de Guardia *377\u00a0 \u00a0 \u00a0 \u00a0 \u00a0 \u00a0 \u00a0 \u00a0 \u00a0 \u00a0 &#8230; <\/p>\n<p class=\"read-more-container\"><a title=\"CONT\u00c1CTENOS:\" class=\"read-more button\" href=\"https:\/\/www.policianacional.gov.py\/antisecuestro\/contacto\/#more-136\" aria-label=\"Leer m\u00e1s sobre CONT\u00c1CTENOS:\">Leer M\u00e1s&#8230;<\/a><\/p>\n","protected":false},"author":1,"featured_media":0,"parent":0,"menu_order":0,"comment_status":"closed","ping_status":"closed","template":"","meta":{"generate_page_header":"","footnotes":""},"class_list":["post-136","page","type-page","status-publish"],"jetpack_sharing_enabled":true,"jetpack_shortlink":"https:\/\/wp.me\/P8Lk5a-2c","_links":{"self":[{"href":"https:\/\/www.policianacional.gov.py\/antisecuestro\/wp-json\/wp\/v2\/pages\/136","targetHints":{"allow":["GET"]}}],"collection":[{"href":"https:\/\/www.policianacional.gov.py\/antisecuestro\/wp-json\/wp\/v2\/pages"}],"about":[{"href":"https:\/\/www.policianacional.gov.py\/antisecuestro\/wp-json\/wp\/v2\/types\/page"}],"author":[{"embeddable":true,"href":"https:\/\/www.policianacional.gov.py\/antisecuestro\/wp-json\/wp\/v2\/users\/1"}],"replies":[{"embeddable":true,"href":"https:\/\/www.policianacional.gov.py\/antisecuestro\/wp-json\/wp\/v2\/comments?post=136"}],"version-history":[{"count":61,"href":"https:\/\/www.policianacional.gov.py\/antisecuestro\/wp-json\/wp\/v2\/pages\/136\/revisions"}],"predecessor-version":[{"id":2585,"href":"https:\/\/www.policianacional.gov.py\/antisecuestro\/wp-json\/wp\/v2\/pages\/136\/revisions\/2585"}],"wp:attachment":[{"href":"https:\/\/www.policianacional.gov.py\/antisecuestro\/wp-json\/wp\/v2\/media?parent=136"}],"curies":[{"name":"wp","href":"https:\/\/api.w.org\/{rel}","templated":true}]}}